{"id":4487,"date":"2024-09-26T09:10:30","date_gmt":"2024-09-26T06:10:30","guid":{"rendered":"https:\/\/sovittelu.com\/vertaissovittelu\/?page_id=4487"},"modified":"2026-04-14T09:32:30","modified_gmt":"2026-04-14T06:32:30","slug":"miniverso-material-bank","status":"publish","type":"page","link":"https:\/\/sovittelu.com\/vertaissovittelu\/en\/materiaalia\/miniverso-materiaalipankki\/","title":{"rendered":"MiniVerso material bank"},"content":{"rendered":"<div class=\"swpm-custom-expired-msg\"> Welcome to the material bank!<br><a href=\"https:\/\/sovittelu.com\/vertaissovittelu\/en\/membership-login\/\">Log in<\/a> to see the contents.<br><\/div>","protected":false},"excerpt":{"rendered":"<p>Tervetuloa materiaalipankkiin!Kirjaudu sis\u00e4\u00e4n n\u00e4hd\u00e4ksesi sis\u00e4ll\u00f6t.<\/p>","protected":false},"author":7,"featured_media":0,"parent":17,"menu_order":0,"comment_status":"closed","ping_status":"closed","template":"","meta":{"_kad_post_transparent":"","_kad_post_title":"","_kad_post_layout":"","_kad_post_sidebar_id":"","_kad_post_content_style":"","_kad_post_vertical_padding":"","_kad_post_feature":"","_kad_post_feature_position":"","_kad_post_header":false,"_kad_post_footer":false,"_kad_post_classname":"","footnotes":""},"class_list":["post-4487","page","type-page","status-publish","hentry"],"yoast_head":"<!-- This site is optimized with the Yoast SEO plugin v27.4 - https:\/\/yoast.com\/product\/yoast-seo-wordpress\/ -->\n<title>MiniVerso- materiaalipankki | Verso<\/title>\n<meta name=\"description\" content=\"MiniVerso-materiaalipankissa on materiaalia VERSO-ohjelman kouluttamille yhteis\u00f6ille ja MiniVersoa k\u00e4ytt\u00e4ville varhaiskasvatusyksik\u00f6ille.\" \/>\n<meta name=\"robots\" content=\"index, follow, max-snippet:-1, max-image-preview:large, max-video-preview:-1\" \/>\n<link rel=\"canonical\" href=\"https:\/\/sovittelu.com\/vertaissovittelu\/en\/material-from\/miniverso-material-bank\/\" \/>\n<meta property=\"og:locale\" content=\"en_GB\" \/>\n<meta property=\"og:type\" content=\"article\" \/>\n<meta property=\"og:title\" content=\"MiniVerso- materiaalipankki | Verso\" \/>\n<meta property=\"og:description\" content=\"MiniVerso-materiaalipankissa on materiaalia VERSO-ohjelman kouluttamille yhteis\u00f6ille ja MiniVersoa k\u00e4ytt\u00e4ville varhaiskasvatusyksik\u00f6ille.\" \/>\n<meta property=\"og:url\" content=\"https:\/\/sovittelu.com\/vertaissovittelu\/en\/material-from\/miniverso-material-bank\/\" \/>\n<meta property=\"og:site_name\" content=\"Verso\" \/>\n<meta property=\"article:publisher\" content=\"https:\/\/www.facebook.com\/VERSOsovittelu\" \/>\n<meta property=\"article:modified_time\" content=\"2026-04-14T06:32:30+00:00\" \/>\n<meta property=\"og:image\" content=\"https:\/\/sovittelu.com\/vertaissovittelu\/wp-content\/uploads\/2025\/11\/miniverson_sovittelukortit.png\" \/>\n\t<meta property=\"og:image:width\" content=\"500\" \/>\n\t<meta property=\"og:image:height\" content=\"500\" \/>\n\t<meta property=\"og:image:type\" content=\"image\/png\" \/>\n<meta name=\"twitter:card\" content=\"summary_large_image\" \/>\n<meta name=\"twitter:label1\" content=\"Estimated reading time\" \/>\n\t<meta name=\"twitter:data1\" content=\"12 minutes\" \/>\n<script type=\"application\/ld+json\" class=\"yoast-schema-graph\">{\"@context\":\"https:\\\/\\\/schema.org\",\"@graph\":[{\"@type\":\"WebPage\",\"@id\":\"https:\\\/\\\/sovittelu.com\\\/vertaissovittelu\\\/materiaalia\\\/miniverso-materiaalipankki\\\/\",\"url\":\"https:\\\/\\\/sovittelu.com\\\/vertaissovittelu\\\/materiaalia\\\/miniverso-materiaalipankki\\\/\",\"name\":\"MiniVerso- materiaalipankki | Verso\",\"isPartOf\":{\"@id\":\"https:\\\/\\\/sovittelu.com\\\/vertaissovittelu\\\/#website\"},\"primaryImageOfPage\":{\"@id\":\"https:\\\/\\\/sovittelu.com\\\/vertaissovittelu\\\/materiaalia\\\/miniverso-materiaalipankki\\\/#primaryimage\"},\"image\":{\"@id\":\"https:\\\/\\\/sovittelu.com\\\/vertaissovittelu\\\/materiaalia\\\/miniverso-materiaalipankki\\\/#primaryimage\"},\"thumbnailUrl\":\"https:\\\/\\\/sovittelu.com\\\/vertaissovittelu\\\/wp-content\\\/uploads\\\/2025\\\/11\\\/miniverson_sovittelukortit.png\",\"datePublished\":\"2024-09-26T06:10:30+00:00\",\"dateModified\":\"2026-04-14T06:32:30+00:00\",\"description\":\"MiniVerso-materiaalipankissa on materiaalia VERSO-ohjelman kouluttamille yhteis\u00f6ille ja MiniVersoa k\u00e4ytt\u00e4ville varhaiskasvatusyksik\u00f6ille.\",\"breadcrumb\":{\"@id\":\"https:\\\/\\\/sovittelu.com\\\/vertaissovittelu\\\/materiaalia\\\/miniverso-materiaalipankki\\\/#breadcrumb\"},\"inLanguage\":\"en-GB\",\"potentialAction\":[{\"@type\":\"ReadAction\",\"target\":[\"https:\\\/\\\/sovittelu.com\\\/vertaissovittelu\\\/materiaalia\\\/miniverso-materiaalipankki\\\/\"]}]},{\"@type\":\"ImageObject\",\"inLanguage\":\"en-GB\",\"@id\":\"https:\\\/\\\/sovittelu.com\\\/vertaissovittelu\\\/materiaalia\\\/miniverso-materiaalipankki\\\/#primaryimage\",\"url\":\"https:\\\/\\\/sovittelu.com\\\/vertaissovittelu\\\/wp-content\\\/uploads\\\/2025\\\/11\\\/miniverson_sovittelukortit.png\",\"contentUrl\":\"https:\\\/\\\/sovittelu.com\\\/vertaissovittelu\\\/wp-content\\\/uploads\\\/2025\\\/11\\\/miniverson_sovittelukortit.png\"},{\"@type\":\"BreadcrumbList\",\"@id\":\"https:\\\/\\\/sovittelu.com\\\/vertaissovittelu\\\/materiaalia\\\/miniverso-materiaalipankki\\\/#breadcrumb\",\"itemListElement\":[{\"@type\":\"ListItem\",\"position\":1,\"name\":\"Etusivu\",\"item\":\"https:\\\/\\\/sovittelu.com\\\/vertaissovittelu\\\/\"},{\"@type\":\"ListItem\",\"position\":2,\"name\":\"Materiaalia\",\"item\":\"https:\\\/\\\/sovittelu.com\\\/vertaissovittelu\\\/materiaalia\\\/\"},{\"@type\":\"ListItem\",\"position\":3,\"name\":\"MiniVerso- materiaalipankki\"}]},{\"@type\":\"WebSite\",\"@id\":\"https:\\\/\\\/sovittelu.com\\\/vertaissovittelu\\\/#website\",\"url\":\"https:\\\/\\\/sovittelu.com\\\/vertaissovittelu\\\/\",\"name\":\"VERSO-ohjelma\",\"description\":\"Vertaissovitteluohjelma\",\"publisher\":{\"@id\":\"https:\\\/\\\/sovittelu.com\\\/vertaissovittelu\\\/#organization\"},\"potentialAction\":[{\"@type\":\"SearchAction\",\"target\":{\"@type\":\"EntryPoint\",\"urlTemplate\":\"https:\\\/\\\/sovittelu.com\\\/vertaissovittelu\\\/?s={search_term_string}\"},\"query-input\":{\"@type\":\"PropertyValueSpecification\",\"valueRequired\":true,\"valueName\":\"search_term_string\"}}],\"inLanguage\":\"en-GB\"},{\"@type\":\"Organization\",\"@id\":\"https:\\\/\\\/sovittelu.com\\\/vertaissovittelu\\\/#organization\",\"name\":\"VERSO-ohjelma\",\"url\":\"https:\\\/\\\/sovittelu.com\\\/vertaissovittelu\\\/\",\"logo\":{\"@type\":\"ImageObject\",\"inLanguage\":\"en-GB\",\"@id\":\"https:\\\/\\\/sovittelu.com\\\/vertaissovittelu\\\/#\\\/schema\\\/logo\\\/image\\\/\",\"url\":\"https:\\\/\\\/sovittelu.com\\\/vertaissovittelu\\\/wp-content\\\/uploads\\\/2026\\\/01\\\/verso_ikoni_512x512px.png\",\"contentUrl\":\"https:\\\/\\\/sovittelu.com\\\/vertaissovittelu\\\/wp-content\\\/uploads\\\/2026\\\/01\\\/verso_ikoni_512x512px.png\",\"width\":512,\"height\":512,\"caption\":\"VERSO-ohjelma\"},\"image\":{\"@id\":\"https:\\\/\\\/sovittelu.com\\\/vertaissovittelu\\\/#\\\/schema\\\/logo\\\/image\\\/\"},\"sameAs\":[\"https:\\\/\\\/www.facebook.com\\\/VERSOsovittelu\",\"https:\\\/\\\/www.instagram.com\\\/verso_sovittelu\\\/\"]}]}<\/script>\n<!-- \/ Yoast SEO plugin. -->","yoast_head_json":{"title":"MiniVerso material bank | Verso","description":"The MiniVerso material bank contains material for communities trained by the VERSO programme and for early childhood education and care units using MiniVerso.","robots":{"index":"index","follow":"follow","max-snippet":"max-snippet:-1","max-image-preview":"max-image-preview:large","max-video-preview":"max-video-preview:-1"},"canonical":"https:\/\/sovittelu.com\/vertaissovittelu\/en\/material-from\/miniverso-material-bank\/","og_locale":"en_GB","og_type":"article","og_title":"MiniVerso- materiaalipankki | Verso","og_description":"MiniVerso-materiaalipankissa on materiaalia VERSO-ohjelman kouluttamille yhteis\u00f6ille ja MiniVersoa k\u00e4ytt\u00e4ville varhaiskasvatusyksik\u00f6ille.","og_url":"https:\/\/sovittelu.com\/vertaissovittelu\/en\/material-from\/miniverso-material-bank\/","og_site_name":"Verso","article_publisher":"https:\/\/www.facebook.com\/VERSOsovittelu","article_modified_time":"2026-04-14T06:32:30+00:00","og_image":[{"width":500,"height":500,"url":"https:\/\/sovittelu.com\/vertaissovittelu\/wp-content\/uploads\/2025\/11\/miniverson_sovittelukortit.png","type":"image\/png"}],"twitter_card":"summary_large_image","twitter_misc":{"Estimated reading time":"12 minutes"},"schema":{"@context":"https:\/\/schema.org","@graph":[{"@type":"WebPage","@id":"https:\/\/sovittelu.com\/vertaissovittelu\/materiaalia\/miniverso-materiaalipankki\/","url":"https:\/\/sovittelu.com\/vertaissovittelu\/materiaalia\/miniverso-materiaalipankki\/","name":"MiniVerso material bank | Verso","isPartOf":{"@id":"https:\/\/sovittelu.com\/vertaissovittelu\/#website"},"primaryImageOfPage":{"@id":"https:\/\/sovittelu.com\/vertaissovittelu\/materiaalia\/miniverso-materiaalipankki\/#primaryimage"},"image":{"@id":"https:\/\/sovittelu.com\/vertaissovittelu\/materiaalia\/miniverso-materiaalipankki\/#primaryimage"},"thumbnailUrl":"https:\/\/sovittelu.com\/vertaissovittelu\/wp-content\/uploads\/2025\/11\/miniverson_sovittelukortit.png","datePublished":"2024-09-26T06:10:30+00:00","dateModified":"2026-04-14T06:32:30+00:00","description":"The MiniVerso material bank contains material for communities trained by the VERSO programme and for early childhood education and care units using MiniVerso.","breadcrumb":{"@id":"https:\/\/sovittelu.com\/vertaissovittelu\/materiaalia\/miniverso-materiaalipankki\/#breadcrumb"},"inLanguage":"en-GB","potentialAction":[{"@type":"ReadAction","target":["https:\/\/sovittelu.com\/vertaissovittelu\/materiaalia\/miniverso-materiaalipankki\/"]}]},{"@type":"ImageObject","inLanguage":"en-GB","@id":"https:\/\/sovittelu.com\/vertaissovittelu\/materiaalia\/miniverso-materiaalipankki\/#primaryimage","url":"https:\/\/sovittelu.com\/vertaissovittelu\/wp-content\/uploads\/2025\/11\/miniverson_sovittelukortit.png","contentUrl":"https:\/\/sovittelu.com\/vertaissovittelu\/wp-content\/uploads\/2025\/11\/miniverson_sovittelukortit.png"},{"@type":"BreadcrumbList","@id":"https:\/\/sovittelu.com\/vertaissovittelu\/materiaalia\/miniverso-materiaalipankki\/#breadcrumb","itemListElement":[{"@type":"ListItem","position":1,"name":"Etusivu","item":"https:\/\/sovittelu.com\/vertaissovittelu\/"},{"@type":"ListItem","position":2,"name":"Materiaalia","item":"https:\/\/sovittelu.com\/vertaissovittelu\/materiaalia\/"},{"@type":"ListItem","position":3,"name":"MiniVerso- materiaalipankki"}]},{"@type":"WebSite","@id":"https:\/\/sovittelu.com\/vertaissovittelu\/#website","url":"https:\/\/sovittelu.com\/vertaissovittelu\/","name":"VERSO programme","description":"Peer mediation programme","publisher":{"@id":"https:\/\/sovittelu.com\/vertaissovittelu\/#organization"},"potentialAction":[{"@type":"SearchAction","target":{"@type":"EntryPoint","urlTemplate":"https:\/\/sovittelu.com\/vertaissovittelu\/?s={search_term_string}"},"query-input":{"@type":"PropertyValueSpecification","valueRequired":true,"valueName":"search_term_string"}}],"inLanguage":"en-GB"},{"@type":"Organization","@id":"https:\/\/sovittelu.com\/vertaissovittelu\/#organization","name":"VERSO programme","url":"https:\/\/sovittelu.com\/vertaissovittelu\/","logo":{"@type":"ImageObject","inLanguage":"en-GB","@id":"https:\/\/sovittelu.com\/vertaissovittelu\/#\/schema\/logo\/image\/","url":"https:\/\/sovittelu.com\/vertaissovittelu\/wp-content\/uploads\/2026\/01\/verso_ikoni_512x512px.png","contentUrl":"https:\/\/sovittelu.com\/vertaissovittelu\/wp-content\/uploads\/2026\/01\/verso_ikoni_512x512px.png","width":512,"height":512,"caption":"VERSO-ohjelma"},"image":{"@id":"https:\/\/sovittelu.com\/vertaissovittelu\/#\/schema\/logo\/image\/"},"sameAs":["https:\/\/www.facebook.com\/VERSOsovittelu","https:\/\/www.instagram.com\/verso_sovittelu\/"]}]}},"_links":{"self":[{"href":"https:\/\/sovittelu.com\/vertaissovittelu\/en\/wp-json\/wp\/v2\/pages\/4487","targetHints":{"allow":["GET"]}}],"collection":[{"href":"https:\/\/sovittelu.com\/vertaissovittelu\/en\/wp-json\/wp\/v2\/pages"}],"about":[{"href":"https:\/\/sovittelu.com\/vertaissovittelu\/en\/wp-json\/wp\/v2\/types\/page"}],"author":[{"embeddable":true,"href":"https:\/\/sovittelu.com\/vertaissovittelu\/en\/wp-json\/wp\/v2\/users\/7"}],"replies":[{"embeddable":true,"href":"https:\/\/sovittelu.com\/vertaissovittelu\/en\/wp-json\/wp\/v2\/comments?post=4487"}],"version-history":[{"count":3,"href":"https:\/\/sovittelu.com\/vertaissovittelu\/en\/wp-json\/wp\/v2\/pages\/4487\/revisions"}],"predecessor-version":[{"id":17094,"href":"https:\/\/sovittelu.com\/vertaissovittelu\/en\/wp-json\/wp\/v2\/pages\/4487\/revisions\/17094"}],"up":[{"embeddable":true,"href":"https:\/\/sovittelu.com\/vertaissovittelu\/en\/wp-json\/wp\/v2\/pages\/17"}],"wp:attachment":[{"href":"https:\/\/sovittelu.com\/vertaissovittelu\/en\/wp-json\/wp\/v2\/media?parent=4487"}],"curies":[{"name":"wp","href":"https:\/\/api.w.org\/{rel}","templated":true}]}}